{"id":672,"date":"2024-12-05T16:13:53","date_gmt":"2024-12-05T14:13:53","guid":{"rendered":"https:\/\/www.orangit.fi\/?page_id=672"},"modified":"2024-12-12T09:11:51","modified_gmt":"2024-12-12T07:11:51","slug":"evasteiden-kaytto","status":"publish","type":"page","link":"https:\/\/www.orangit.fi\/en\/evasteiden-kaytto\/","title":{"rendered":"Use of cookies"},"content":{"rendered":"<section class=\"wp-block-group alignfull\"><div class=\"wp-block-group__inner-container is-layout-constrained wp-block-group-is-layout-constrained\">\n<div class=\"wp-block-group alignwide\" style=\"padding-right:15px;padding-left:15px\"><div class=\"wp-block-group__inner-container is-layout-constrained wp-container-core-group-is-layout-fc58c1dc wp-block-group-is-layout-constrained\">\n<h1 class=\"wp-block-heading as-overline\">Use of cookies<\/h1>\n\n\n\n<h2 class=\"wp-block-heading\">What cookies are used?<\/h2>\n\n\n\n<div class=\"wp-block-columns gap-1 is-layout-flex wp-container-core-columns-is-layout-e2beec5a wp-block-columns-is-layout-flex\" style=\"padding-top:0px;padding-bottom:0px\">\n<div class=\"wp-block-column is-layout-flow wp-block-column-is-layout-flow\" style=\"flex-basis:33.333%\"><\/div>\n\n\n\n<div class=\"wp-block-column is-layout-flow wp-block-column-is-layout-flow\">\n<p class=\"mb-0\">We use cookies solely to improve our website experience. Cookies can be either \u201cpersistent\u201d cookies or \u201csession\u201d cookies. A persistent cookie consists of a text file sent by a web server to a web browser, which the browser stores and remains valid until its set expiration date (unless deleted by the user before the expiration date). A session cookie, on the other hand, expires at the end of the user session when the browser is closed. Cookies are small text files that the browser stores on your device, and they are used, for example, when a service wants to save your information as you navigate from one webpage to another. If you do not wish to use cookies, you can change your cookie settings at any time in your browser. Note that disabling cookies may affect the functionality of our websites.\nWhen you visit our website, we ask for your consent to store the following cookies on your device:<\/p>\n\n\n\n<p>Kun vierailet verkkosivustollamme, pyyd\u00e4mme suostumustasi, jotta voimme tallentaa seuraavat ev\u00e4steet laitteeseesi:<\/p>\n\n\n\n<h4 class=\"wp-block-heading\">Google Analytics<\/h4>\n\n\n\n<p>We use Google Analytics to collect information about user behavior on our websites. We use this information to compile reports and improve the site. These cookies collect the number of visitors to the website, which pages they visit, and where visitors have come to our website from. You can read more about these cookies and how Google protects them&nbsp;<a href=\"https:\/\/support.google.com\/analytics\/topic\/2919631\" target=\"_blank\" rel=\"noreferrer noopener\">here<\/a>.<\/p>\n\n\n\n<h4 class=\"wp-block-heading\">Twitter Analytics<\/h4>\n\n\n\n<p>We use Twitter Analytics to measure the effectiveness of Twitter campaigns.<\/p>\n\n\n\n<h4 class=\"wp-block-heading\">Facebook Pixel<\/h4>\n\n\n\n<p>The Facebook Pixel application measures, optimizes, and creates audiences for our advertising campaigns displayed on Facebook. It allows us to see how users move between devices when they visit our website and Facebook. By analyzing the content a user has viewed on our website, we can target Facebook advertising to those users who are likely to be interested in such advertising. You can read more about Facebook Pixel&nbsp;<a href=\"https:\/\/fi-fi.facebook.com\/business\/learn\/facebook-ads-pixel\" target=\"_blank\" rel=\"noreferrer noopener\">here<\/a>.<\/p>\n\n\n\n<h4 class=\"wp-block-heading\">LinkedIn Insights<\/h4>\n\n\n\n<p>We use LinkedIn Insights to measure the effectiveness of LinkedIn campaigns.<\/p>\n\n\n\n<p>We only use cookies that are necessary to maintain and improve the website experience. We use Google Analytics for this purpose, and Google Analytics uses both persistent and session cookies.<\/p>\n\n\n\n<p>You can read more about Google\u2019s privacy policies&nbsp;<a href=\"https:\/\/policies.google.com\/privacy\" target=\"_blank\" rel=\"noreferrer noopener\">here<\/a>You can opt-out of cookie usage&nbsp;<a href=\"https:\/\/tools.google.com\/dlpage\/gaoptout\" target=\"_blank\" rel=\"noreferrer noopener\">here<\/a>.<\/p>\n\n\n\n<h3 class=\"wp-block-heading\">How to manage your cookie settings<\/h3>\n\n\n\n<p>You can disable Google Analytics by following the links above. Most browsers also allow you to manage cookies through the browser settings. By adjusting your browser, you can avoid receiving cookies. The method used to block cookies depends on the browser you use.<\/p>\n\n\n\n<p>For more information about cookies, including how to view them, which cookies have been set, and how to manage and delete them, visit&nbsp;<a href=\"https:\/\/www.allaboutcookies.org\/\" target=\"_blank\" rel=\"noreferrer noopener\">https:\/\/www.allaboutcookies.org\/<\/a>.<\/p>\n\n\n\n<h3 class=\"wp-block-heading\">Contact us<\/h3>\n\n\n\n<p class=\"mb-0\">If you have any questions about our use of cookies, please contact us by email at&nbsp;<a href=\"mailto:tietosuoja@orangit.fi\">tietosuoja@orangit.fi<\/a>.<\/p>\n<\/div>\n<\/div>\n<\/div><\/div>\n<\/div><\/section>","protected":false},"excerpt":{"rendered":"<p>Ev\u00e4steiden k\u00e4ytt\u00f6 Mit\u00e4 ev\u00e4steit\u00e4 k\u00e4ytet\u00e4\u00e4n? K\u00e4yt\u00e4mme ev\u00e4steit\u00e4 ainoastaan parantaaksemme verkkosivustokokemustamme. Ev\u00e4steet voivat olla joko \u201dpysyvi\u00e4\u201d ev\u00e4steit\u00e4 tai \u201distuntokohtaisia\u201d ev\u00e4steit\u00e4. Pysyv\u00e4 ev\u00e4ste koostuu verkkoselaimeen l\u00e4hetetyst\u00e4 tekstitiedostosta, jonka selain tallentaa ja joka pysyy voimassa m\u00e4\u00e4ritettyyn voimassaolop\u00e4iv\u00e4\u00e4n asti (jollei k\u00e4ytt\u00e4j\u00e4 ole poistanut sit\u00e4 ennen viimeist\u00e4 voimassaolop\u00e4iv\u00e4\u00e4). Istuntoev\u00e4ste sen sijaan vanhenee k\u00e4ytt\u00e4j\u00e4n istunnon lopussa, kun selain on suljettu. Ev\u00e4steet&hellip;&nbsp;<a href=\"https:\/\/www.orangit.fi\/en\/evasteiden-kaytto\/\" rel=\"bookmark\">Read More &raquo;<span class=\"screen-reader-text\">Use of cookies<\/span><\/a><\/p>","protected":false},"author":12,"featured_media":0,"parent":0,"menu_order":0,"comment_status":"closed","ping_status":"closed","template":"","meta":{"inline_featured_image":false,"neve_meta_sidebar":"","neve_meta_container":"","neve_meta_enable_content_width":"","neve_meta_content_width":0,"neve_meta_title_alignment":"","neve_meta_author_avatar":"","neve_post_elements_order":"","neve_meta_disable_header":"","neve_meta_disable_footer":"","neve_meta_disable_title":"on","footnotes":""},"class_list":["post-672","page","type-page","status-publish","hentry"],"yoast_head":"<!-- This site is optimized with the Yoast SEO plugin v27.1.1 - https:\/\/yoast.com\/product\/yoast-seo-wordpress\/ -->\n<title>Ev\u00e4steiden k\u00e4ytt\u00f6 - OrangIT<\/title>\n<meta name=\"robots\" content=\"index, follow, max-snippet:-1, max-image-preview:large, max-video-preview:-1\" \/>\n<link rel=\"canonical\" href=\"https:\/\/www.orangit.fi\/en\/evasteiden-kaytto\/\" \/>\n<meta property=\"og:locale\" content=\"en_US\" \/>\n<meta property=\"og:type\" content=\"article\" \/>\n<meta property=\"og:title\" content=\"Ev\u00e4steiden k\u00e4ytt\u00f6 - OrangIT\" \/>\n<meta property=\"og:description\" content=\"Ev\u00e4steiden k\u00e4ytt\u00f6 Mit\u00e4 ev\u00e4steit\u00e4 k\u00e4ytet\u00e4\u00e4n? K\u00e4yt\u00e4mme ev\u00e4steit\u00e4 ainoastaan parantaaksemme verkkosivustokokemustamme. Ev\u00e4steet voivat olla joko \u201dpysyvi\u00e4\u201d ev\u00e4steit\u00e4 tai \u201distuntokohtaisia\u201d ev\u00e4steit\u00e4. Pysyv\u00e4 ev\u00e4ste koostuu verkkoselaimeen l\u00e4hetetyst\u00e4 tekstitiedostosta, jonka selain tallentaa ja joka pysyy voimassa m\u00e4\u00e4ritettyyn voimassaolop\u00e4iv\u00e4\u00e4n asti (jollei k\u00e4ytt\u00e4j\u00e4 ole poistanut sit\u00e4 ennen viimeist\u00e4 voimassaolop\u00e4iv\u00e4\u00e4). Istuntoev\u00e4ste sen sijaan vanhenee k\u00e4ytt\u00e4j\u00e4n istunnon lopussa, kun selain on suljettu. Ev\u00e4steet&hellip;&nbsp;Read More &raquo;Ev\u00e4steiden k\u00e4ytt\u00f6\" \/>\n<meta property=\"og:url\" content=\"https:\/\/www.orangit.fi\/en\/evasteiden-kaytto\/\" \/>\n<meta property=\"og:site_name\" content=\"OrangIT\" \/>\n<meta property=\"article:publisher\" content=\"https:\/\/www.facebook.com\/orangithq\/\" \/>\n<meta property=\"article:modified_time\" content=\"2024-12-12T07:11:51+00:00\" \/>\n<meta name=\"twitter:card\" content=\"summary_large_image\" \/>\n<meta name=\"twitter:site\" content=\"@OrangitOy\" \/>\n<meta name=\"twitter:label1\" content=\"Est. reading time\" \/>\n\t<meta name=\"twitter:data1\" content=\"3 minutes\" \/>\n<script type=\"application\/ld+json\" class=\"yoast-schema-graph\">{\"@context\":\"https:\/\/schema.org\",\"@graph\":[{\"@type\":\"WebPage\",\"@id\":\"https:\/\/www.orangit.fi\/evasteiden-kaytto\/\",\"url\":\"https:\/\/www.orangit.fi\/evasteiden-kaytto\/\",\"name\":\"Ev\u00e4steiden k\u00e4ytt\u00f6 - OrangIT\",\"isPartOf\":{\"@id\":\"https:\/\/www.orangit.fi\/#website\"},\"datePublished\":\"2024-12-05T14:13:53+00:00\",\"dateModified\":\"2024-12-12T07:11:51+00:00\",\"breadcrumb\":{\"@id\":\"https:\/\/www.orangit.fi\/evasteiden-kaytto\/#breadcrumb\"},\"inLanguage\":\"en-US\",\"potentialAction\":[{\"@type\":\"ReadAction\",\"target\":[\"https:\/\/www.orangit.fi\/evasteiden-kaytto\/\"]}]},{\"@type\":\"BreadcrumbList\",\"@id\":\"https:\/\/www.orangit.fi\/evasteiden-kaytto\/#breadcrumb\",\"itemListElement\":[{\"@type\":\"ListItem\",\"position\":1,\"name\":\"Home\",\"item\":\"https:\/\/www.orangit.fi\/\"},{\"@type\":\"ListItem\",\"position\":2,\"name\":\"Ev\u00e4steiden k\u00e4ytt\u00f6\"}]},{\"@type\":\"WebSite\",\"@id\":\"https:\/\/www.orangit.fi\/#website\",\"url\":\"https:\/\/www.orangit.fi\/\",\"name\":\"OrangIT\",\"description\":\"\",\"publisher\":{\"@id\":\"https:\/\/www.orangit.fi\/#organization\"},\"potentialAction\":[{\"@type\":\"SearchAction\",\"target\":{\"@type\":\"EntryPoint\",\"urlTemplate\":\"https:\/\/www.orangit.fi\/?s={search_term_string}\"},\"query-input\":{\"@type\":\"PropertyValueSpecification\",\"valueRequired\":true,\"valueName\":\"search_term_string\"}}],\"inLanguage\":\"en-US\"},{\"@type\":\"Organization\",\"@id\":\"https:\/\/www.orangit.fi\/#organization\",\"name\":\"ORANGIT\",\"url\":\"https:\/\/www.orangit.fi\/\",\"logo\":{\"@type\":\"ImageObject\",\"inLanguage\":\"en-US\",\"@id\":\"https:\/\/www.orangit.fi\/#\/schema\/logo\/image\/\",\"url\":\"https:\/\/www.orangit.fi\/wp-content\/uploads\/2024\/01\/orangit_logo.jpg\",\"contentUrl\":\"https:\/\/www.orangit.fi\/wp-content\/uploads\/2024\/01\/orangit_logo.jpg\",\"width\":1280,\"height\":436,\"caption\":\"ORANGIT\"},\"image\":{\"@id\":\"https:\/\/www.orangit.fi\/#\/schema\/logo\/image\/\"},\"sameAs\":[\"https:\/\/www.facebook.com\/orangithq\/\",\"https:\/\/x.com\/OrangitOy\",\"https:\/\/www.linkedin.com\/company\/orangit\/mycompany\/\",\"https:\/\/www.instagram.com\/orangithq\/\"]}]}<\/script>\n<!-- \/ Yoast SEO plugin. -->","yoast_head_json":{"title":"Ev\u00e4steiden k\u00e4ytt\u00f6 - OrangIT","robots":{"index":"index","follow":"follow","max-snippet":"max-snippet:-1","max-image-preview":"max-image-preview:large","max-video-preview":"max-video-preview:-1"},"canonical":"https:\/\/www.orangit.fi\/en\/evasteiden-kaytto\/","og_locale":"en_US","og_type":"article","og_title":"Ev\u00e4steiden k\u00e4ytt\u00f6 - OrangIT","og_description":"Ev\u00e4steiden k\u00e4ytt\u00f6 Mit\u00e4 ev\u00e4steit\u00e4 k\u00e4ytet\u00e4\u00e4n? K\u00e4yt\u00e4mme ev\u00e4steit\u00e4 ainoastaan parantaaksemme verkkosivustokokemustamme. Ev\u00e4steet voivat olla joko \u201dpysyvi\u00e4\u201d ev\u00e4steit\u00e4 tai \u201distuntokohtaisia\u201d ev\u00e4steit\u00e4. Pysyv\u00e4 ev\u00e4ste koostuu verkkoselaimeen l\u00e4hetetyst\u00e4 tekstitiedostosta, jonka selain tallentaa ja joka pysyy voimassa m\u00e4\u00e4ritettyyn voimassaolop\u00e4iv\u00e4\u00e4n asti (jollei k\u00e4ytt\u00e4j\u00e4 ole poistanut sit\u00e4 ennen viimeist\u00e4 voimassaolop\u00e4iv\u00e4\u00e4). Istuntoev\u00e4ste sen sijaan vanhenee k\u00e4ytt\u00e4j\u00e4n istunnon lopussa, kun selain on suljettu. Ev\u00e4steet&hellip;&nbsp;Read More &raquo;Ev\u00e4steiden k\u00e4ytt\u00f6","og_url":"https:\/\/www.orangit.fi\/en\/evasteiden-kaytto\/","og_site_name":"OrangIT","article_publisher":"https:\/\/www.facebook.com\/orangithq\/","article_modified_time":"2024-12-12T07:11:51+00:00","twitter_card":"summary_large_image","twitter_site":"@OrangitOy","twitter_misc":{"Est. reading time":"3 minutes"},"schema":{"@context":"https:\/\/schema.org","@graph":[{"@type":"WebPage","@id":"https:\/\/www.orangit.fi\/evasteiden-kaytto\/","url":"https:\/\/www.orangit.fi\/evasteiden-kaytto\/","name":"Ev\u00e4steiden k\u00e4ytt\u00f6 - OrangIT","isPartOf":{"@id":"https:\/\/www.orangit.fi\/#website"},"datePublished":"2024-12-05T14:13:53+00:00","dateModified":"2024-12-12T07:11:51+00:00","breadcrumb":{"@id":"https:\/\/www.orangit.fi\/evasteiden-kaytto\/#breadcrumb"},"inLanguage":"en-US","potentialAction":[{"@type":"ReadAction","target":["https:\/\/www.orangit.fi\/evasteiden-kaytto\/"]}]},{"@type":"BreadcrumbList","@id":"https:\/\/www.orangit.fi\/evasteiden-kaytto\/#breadcrumb","itemListElement":[{"@type":"ListItem","position":1,"name":"Home","item":"https:\/\/www.orangit.fi\/"},{"@type":"ListItem","position":2,"name":"Ev\u00e4steiden k\u00e4ytt\u00f6"}]},{"@type":"WebSite","@id":"https:\/\/www.orangit.fi\/#website","url":"https:\/\/www.orangit.fi\/","name":"OrangIT","description":"","publisher":{"@id":"https:\/\/www.orangit.fi\/#organization"},"potentialAction":[{"@type":"SearchAction","target":{"@type":"EntryPoint","urlTemplate":"https:\/\/www.orangit.fi\/?s={search_term_string}"},"query-input":{"@type":"PropertyValueSpecification","valueRequired":true,"valueName":"search_term_string"}}],"inLanguage":"en-US"},{"@type":"Organization","@id":"https:\/\/www.orangit.fi\/#organization","name":"ORANGIT","url":"https:\/\/www.orangit.fi\/","logo":{"@type":"ImageObject","inLanguage":"en-US","@id":"https:\/\/www.orangit.fi\/#\/schema\/logo\/image\/","url":"https:\/\/www.orangit.fi\/wp-content\/uploads\/2024\/01\/orangit_logo.jpg","contentUrl":"https:\/\/www.orangit.fi\/wp-content\/uploads\/2024\/01\/orangit_logo.jpg","width":1280,"height":436,"caption":"ORANGIT"},"image":{"@id":"https:\/\/www.orangit.fi\/#\/schema\/logo\/image\/"},"sameAs":["https:\/\/www.facebook.com\/orangithq\/","https:\/\/x.com\/OrangitOy","https:\/\/www.linkedin.com\/company\/orangit\/mycompany\/","https:\/\/www.instagram.com\/orangithq\/"]}]}},"_links":{"self":[{"href":"https:\/\/www.orangit.fi\/en\/wp-json\/wp\/v2\/pages\/672","targetHints":{"allow":["GET"]}}],"collection":[{"href":"https:\/\/www.orangit.fi\/en\/wp-json\/wp\/v2\/pages"}],"about":[{"href":"https:\/\/www.orangit.fi\/en\/wp-json\/wp\/v2\/types\/page"}],"author":[{"embeddable":true,"href":"https:\/\/www.orangit.fi\/en\/wp-json\/wp\/v2\/users\/12"}],"replies":[{"embeddable":true,"href":"https:\/\/www.orangit.fi\/en\/wp-json\/wp\/v2\/comments?post=672"}],"version-history":[{"count":0,"href":"https:\/\/www.orangit.fi\/en\/wp-json\/wp\/v2\/pages\/672\/revisions"}],"wp:attachment":[{"href":"https:\/\/www.orangit.fi\/en\/wp-json\/wp\/v2\/media?parent=672"}],"curies":[{"name":"wp","href":"https:\/\/api.w.org\/{rel}","templated":true}]}}